{"id":66,"date":"2023-10-11T02:23:04","date_gmt":"2023-10-11T00:23:04","guid":{"rendered":"https:\/\/angius-magnetiseur.net\/nouvelles\/?page_id=66"},"modified":"2023-10-12T02:24:29","modified_gmt":"2023-10-12T00:24:29","slug":"condition-dutilisation","status":"publish","type":"page","link":"http:\/\/angius-magnetiseur.net\/nouvelles\/condition-dutilisation\/","title":{"rendered":"Condition d\u2019utilisation"},"content":{"rendered":"<p>Veuillez examiner attentivement ces d\u00e9tails avant d\u2019utiliser ce service.<\/p>\n<p>L\u2019acc\u00e8s et l\u2019utilisation de ce service d\u00e9pendent de votre consentement et de votre respect de ces termes. Ces termes s\u2019appliquent \u00e0 tous les visiteurs, utilisateurs et toute personne qui acc\u00e8de ou utilise ce service.<\/p>\n<p>En acc\u00e9dant ou en utilisant ce service, vous acceptez de respecter ces termes. Si vous n\u2019\u00eates pas d\u2019accord avec une partie de ces termes, nous vous recommandons de cesser d\u2019acc\u00e9der \u00e0 ce service.<\/p>\n<p>Droits de propri\u00e9t\u00e9 intellectuelle<br \/>\nLe service et son contenu original sont la propri\u00e9t\u00e9 intellectuelle de https:\/\/angius-magnetiseur.net\u00a0et du propri\u00e9taire sous licence de ce service. Ce service est prot\u00e9g\u00e9 par le droit d\u2019auteur, les droits de marque et d\u2019autres lois en Islande et dans d\u2019autres pays. L\u2019utilisation de nos droits et logos n\u2019est pas autoris\u00e9e sans la permission de https:\/\/angius-magnetiseur.net.<\/p>\n<p>Liens vers d\u2019autres sites web<br \/>\nNotre service peut contenir des liens vers des sites web ou des services tiers qui ne sont pas sous le contr\u00f4le ou la propri\u00e9t\u00e9 de https:\/\/angius-magnetiseur.net.<\/p>\n<p>https:\/\/angius-magnetiseur.net\u00a0n\u2019a aucun contr\u00f4le sur le contenu, la politique de confidentialit\u00e9 ou les pratiques des sites web ou des services tiers. Vous reconnaissez et acceptez que https:\/\/angius-magnetiseur.net\u00a0ne sera en aucun cas responsable des dommages ou pertes d\u00e9coulant du contenu des produits ou services disponibles via ces sites web ou services.<\/p>\n<p>Nous vous recommandons de consulter les termes et la politique de confidentialit\u00e9 des sites web ou des services tiers que vous visitez.<\/p>\n<p>R\u00e9siliation<br \/>\nNous pouvons mettre fin ou suspendre imm\u00e9diatement votre acc\u00e8s \u00e0 ce service, sans pr\u00e9avis ni responsabilit\u00e9, pour quelque raison que ce soit, y compris, entre autres, le non-respect des termes.<\/p>\n<p>En cas de r\u00e9siliation, vous devez cesser d\u2019utiliser ce service imm\u00e9diatement.<\/p>\n<p>Limitation de responsabilit\u00e9<br \/>\nEn fin de compte, https:\/\/angius-magnetiseur.net, y compris les directeurs, employ\u00e9s, partenaires, agents, fournisseurs ou affili\u00e9s, ne seront pas responsables des dommages indirects ou cons\u00e9cutifs de quelque nature que ce soit, y compris, entre autres, les pertes de b\u00e9n\u00e9fices, de donn\u00e9es, d\u2019utilisation ou de bonne volont\u00e9, que ce soit en vertu d\u2019un contrat ou d\u2019une action en justice (y compris la n\u00e9gligence) ou autrement, m\u00eame si la possibilit\u00e9 de tels dommages a \u00e9t\u00e9 port\u00e9e \u00e0 votre attention.<\/p>\n<p>Utilisation \u00e0 vos propres risques<br \/>\nVotre utilisation de ce service se fait \u00e0 vos propres risques. Ce service est fourni \u00ab\u00a0tel quel\u00a0\u00bb et \u00ab\u00a0selon sa disponibilit\u00e9\u00a0\u00bb. Ce service est fourni sans garantie, explicite ou implicite, y compris, entre autres, les garanties implicites de qualit\u00e9 marchande, d\u2019ad\u00e9quation \u00e0 un usage particulier, de non-contrefa\u00e7on ou de qualit\u00e9 commerciale.<\/p>\n<p>https:\/\/angius-magnetiseur.net, y compris les partenaires commerciaux, ne garantit pas que (a) le service fonctionne sans interruption, soit s\u00fbr ou disponible \u00e0 un moment ou en un endroit particulier ; (b) toute erreur ou d\u00e9faut sera corrig\u00e9 ; (c) le service sera exempt de virus ou de composants nuisibles ; ou (d) les r\u00e9sultats de l\u2019utilisation du service r\u00e9pondront \u00e0 vos besoins.<\/p>\n","protected":false},"excerpt":{"rendered":"<p>Veuillez examiner attentivement ces d\u00e9tails avant d\u2019utiliser ce service. L\u2019acc\u00e8s et l\u2019utilisation de ce service d\u00e9pendent de votre consentement et de votre respect de ces termes. Ces termes s\u2019appliquent \u00e0 tous les visiteurs, utilisateurs et toute personne qui acc\u00e8de ou utilise ce service. En acc\u00e9dant ou en utilisant ce service, vous acceptez de respecter ces&#8230;<\/p>\n","protected":false},"author":1,"featured_media":0,"parent":0,"menu_order":0,"comment_status":"closed","ping_status":"closed","template":"","meta":{"footnotes":""},"yoast_head":"<!-- This site is optimized with the Yoast SEO plugin v21.3 - https:\/\/yoast.com\/wordpress\/plugins\/seo\/ -->\n<title>Condition d\u2019utilisation<\/title>\n<meta name=\"robots\" content=\"index, follow, max-snippet:-1, max-image-preview:large, max-video-preview:-1\" \/>\n<link rel=\"canonical\" href=\"http:\/\/angius-magnetiseur.net\/nouvelles\/condition-dutilisation\/\" \/>\n<meta property=\"og:locale\" content=\"fr_FR\" \/>\n<meta property=\"og:type\" content=\"article\" \/>\n<meta property=\"og:title\" content=\"Condition d\u2019utilisation\" \/>\n<meta property=\"og:description\" content=\"Veuillez examiner attentivement ces d\u00e9tails avant d\u2019utiliser ce service. L\u2019acc\u00e8s et l\u2019utilisation de ce service d\u00e9pendent de votre consentement et de votre respect de ces termes. Ces termes s\u2019appliquent \u00e0 tous les visiteurs, utilisateurs et toute personne qui acc\u00e8de ou utilise ce service. En acc\u00e9dant ou en utilisant ce service, vous acceptez de respecter ces...\" \/>\n<meta property=\"og:url\" content=\"http:\/\/angius-magnetiseur.net\/nouvelles\/condition-dutilisation\/\" \/>\n<meta property=\"og:site_name\" content=\"Angius Magnetiseur Nouvelles\" \/>\n<meta property=\"article:modified_time\" content=\"2023-10-12T00:24:29+00:00\" \/>\n<meta name=\"twitter:card\" content=\"summary_large_image\" \/>\n<meta name=\"twitter:label1\" content=\"Dur\u00e9e de lecture estim\u00e9e\" \/>\n\t<meta name=\"twitter:data1\" content=\"3 minutes\" \/>\n<script type=\"application\/ld+json\" class=\"yoast-schema-graph\">{\"@context\":\"https:\/\/schema.org\",\"@graph\":[{\"@type\":\"WebPage\",\"@id\":\"http:\/\/angius-magnetiseur.net\/nouvelles\/condition-dutilisation\/\",\"url\":\"http:\/\/angius-magnetiseur.net\/nouvelles\/condition-dutilisation\/\",\"name\":\"Condition d\u2019utilisation\",\"isPartOf\":{\"@id\":\"https:\/\/angius-magnetiseur.net\/nouvelles\/#website\"},\"datePublished\":\"2023-10-11T00:23:04+00:00\",\"dateModified\":\"2023-10-12T00:24:29+00:00\",\"breadcrumb\":{\"@id\":\"http:\/\/angius-magnetiseur.net\/nouvelles\/condition-dutilisation\/#breadcrumb\"},\"inLanguage\":\"fr-FR\",\"potentialAction\":[{\"@type\":\"ReadAction\",\"target\":[\"http:\/\/angius-magnetiseur.net\/nouvelles\/condition-dutilisation\/\"]}]},{\"@type\":\"BreadcrumbList\",\"@id\":\"http:\/\/angius-magnetiseur.net\/nouvelles\/condition-dutilisation\/#breadcrumb\",\"itemListElement\":[{\"@type\":\"ListItem\",\"position\":1,\"name\":\"Home\",\"item\":\"https:\/\/angius-magnetiseur.net\/nouvelles\/\"},{\"@type\":\"ListItem\",\"position\":2,\"name\":\"Condition d\u2019utilisation\"}]},{\"@type\":\"WebSite\",\"@id\":\"https:\/\/angius-magnetiseur.net\/nouvelles\/#website\",\"url\":\"https:\/\/angius-magnetiseur.net\/nouvelles\/\",\"name\":\"Angius Magnetiseur Nouvelles\",\"description\":\"\",\"potentialAction\":[{\"@type\":\"SearchAction\",\"target\":{\"@type\":\"EntryPoint\",\"urlTemplate\":\"https:\/\/angius-magnetiseur.net\/nouvelles\/?s={search_term_string}\"},\"query-input\":\"required name=search_term_string\"}],\"inLanguage\":\"fr-FR\"}]}<\/script>\n<!-- \/ Yoast SEO plugin. -->","yoast_head_json":{"title":"Condition d\u2019utilisation","robots":{"index":"index","follow":"follow","max-snippet":"max-snippet:-1","max-image-preview":"max-image-preview:large","max-video-preview":"max-video-preview:-1"},"canonical":"http:\/\/angius-magnetiseur.net\/nouvelles\/condition-dutilisation\/","og_locale":"fr_FR","og_type":"article","og_title":"Condition d\u2019utilisation","og_description":"Veuillez examiner attentivement ces d\u00e9tails avant d\u2019utiliser ce service. L\u2019acc\u00e8s et l\u2019utilisation de ce service d\u00e9pendent de votre consentement et de votre respect de ces termes. Ces termes s\u2019appliquent \u00e0 tous les visiteurs, utilisateurs et toute personne qui acc\u00e8de ou utilise ce service. En acc\u00e9dant ou en utilisant ce service, vous acceptez de respecter ces...","og_url":"http:\/\/angius-magnetiseur.net\/nouvelles\/condition-dutilisation\/","og_site_name":"Angius Magnetiseur Nouvelles","article_modified_time":"2023-10-12T00:24:29+00:00","twitter_card":"summary_large_image","twitter_misc":{"Dur\u00e9e de lecture estim\u00e9e":"3 minutes"},"schema":{"@context":"https:\/\/schema.org","@graph":[{"@type":"WebPage","@id":"http:\/\/angius-magnetiseur.net\/nouvelles\/condition-dutilisation\/","url":"http:\/\/angius-magnetiseur.net\/nouvelles\/condition-dutilisation\/","name":"Condition d\u2019utilisation","isPartOf":{"@id":"https:\/\/angius-magnetiseur.net\/nouvelles\/#website"},"datePublished":"2023-10-11T00:23:04+00:00","dateModified":"2023-10-12T00:24:29+00:00","breadcrumb":{"@id":"http:\/\/angius-magnetiseur.net\/nouvelles\/condition-dutilisation\/#breadcrumb"},"inLanguage":"fr-FR","potentialAction":[{"@type":"ReadAction","target":["http:\/\/angius-magnetiseur.net\/nouvelles\/condition-dutilisation\/"]}]},{"@type":"BreadcrumbList","@id":"http:\/\/angius-magnetiseur.net\/nouvelles\/condition-dutilisation\/#breadcrumb","itemListElement":[{"@type":"ListItem","position":1,"name":"Home","item":"https:\/\/angius-magnetiseur.net\/nouvelles\/"},{"@type":"ListItem","position":2,"name":"Condition d\u2019utilisation"}]},{"@type":"WebSite","@id":"https:\/\/angius-magnetiseur.net\/nouvelles\/#website","url":"https:\/\/angius-magnetiseur.net\/nouvelles\/","name":"Angius Magnetiseur Nouvelles","description":"","potentialAction":[{"@type":"SearchAction","target":{"@type":"EntryPoint","urlTemplate":"https:\/\/angius-magnetiseur.net\/nouvelles\/?s={search_term_string}"},"query-input":"required name=search_term_string"}],"inLanguage":"fr-FR"}]}},"_links":{"self":[{"href":"https:\/\/angius-magnetiseur.net\/nouvelles\/wp-json\/wp\/v2\/pages\/66"}],"collection":[{"href":"https:\/\/angius-magnetiseur.net\/nouvelles\/wp-json\/wp\/v2\/pages"}],"about":[{"href":"https:\/\/angius-magnetiseur.net\/nouvelles\/wp-json\/wp\/v2\/types\/page"}],"author":[{"embeddable":true,"href":"https:\/\/angius-magnetiseur.net\/nouvelles\/wp-json\/wp\/v2\/users\/1"}],"replies":[{"embeddable":true,"href":"https:\/\/angius-magnetiseur.net\/nouvelles\/wp-json\/wp\/v2\/comments?post=66"}],"version-history":[{"count":1,"href":"https:\/\/angius-magnetiseur.net\/nouvelles\/wp-json\/wp\/v2\/pages\/66\/revisions"}],"predecessor-version":[{"id":67,"href":"https:\/\/angius-magnetiseur.net\/nouvelles\/wp-json\/wp\/v2\/pages\/66\/revisions\/67"}],"wp:attachment":[{"href":"https:\/\/angius-magnetiseur.net\/nouvelles\/wp-json\/wp\/v2\/media?parent=66"}],"curies":[{"name":"wp","href":"https:\/\/api.w.org\/{rel}","templated":true}]}}