{"id":68,"date":"2023-10-11T02:25:56","date_gmt":"2023-10-11T00:25:56","guid":{"rendered":"https:\/\/angius-magnetiseur.net\/nouvelles\/?page_id=68"},"modified":"2023-10-12T02:26:40","modified_gmt":"2023-10-12T00:26:40","slug":"contact","status":"publish","type":"page","link":"http:\/\/angius-magnetiseur.net\/nouvelles\/contact\/","title":{"rendered":"Contact"},"content":{"rendered":"<p>Nous vous remercions beaucoup de vos commentaires et esp\u00e9rons \u00eatre en contact avec vous.<\/p>\n<p>Si vous souhaitez nous contacter ou avez des commentaires sur notre site Web, nous vous invitons \u00e0 nous \u00e9crire \u00e0 l&rsquo;adresse e-mail indiqu\u00e9e ci-dessous.<\/p>\n<p>Veuillez utiliser un objet clair dans votre message afin que nous puissions identifier votre demande parmi le grand nombre d&rsquo;e-mails que nous recevons quotidiennement. Nous ferons de notre mieux pour vous r\u00e9pondre dans les plus brefs d\u00e9lais.<\/p>\n<p>Nous appr\u00e9cions grandement vos commentaires sous forme de critiques ou de commentaires sur notre site Web. N&rsquo;oubliez pas de les laisser dans la section de commentaires situ\u00e9e sous chaque article.<\/p>\n<p>Si vous avez des questions ou des commentaires sur les produits que nous examinons, nous vous invitons \u00e0 exprimer votre avis dans la section de commentaires correspondante.<\/p>\n<p>Il est important de noter que nous ne vendons ni n&rsquo;entreposons les produits que nous examinons. Si vous avez des probl\u00e8mes avec un achat, nous vous recommandons de contacter directement le fabricant.<\/p>\n<p>Malheureusement, en raison du grand volume de questions que nous recevons, nous ne pouvons pas r\u00e9pondre aux e-mails li\u00e9s \u00e0 l&rsquo;achat de compl\u00e9ments alimentaires.<\/p>\n<p>Pour des informations suppl\u00e9mentaires, nous vous invitons \u00e0 nous contacter \u00e0 l&rsquo;adresse e-mail suivante :<\/p>\n<p>Contact : info@angius-magnetiseur.net<\/p>\n<p><strong>Ou vous pouvez utiliser ce formulaire<\/strong><\/p>\n<div class=\"wpforms-container wpforms-container-full wpforms-render-modern\" id=\"wpforms-69\"><form id=\"wpforms-form-69\" class=\"wpforms-validate wpforms-form wpforms-ajax-form\" data-formid=\"69\" method=\"post\" enctype=\"multipart\/form-data\" action=\"\/nouvelles\/wp-json\/wp\/v2\/pages\/68\" data-token=\"9a18fdaac44a2ffa28bb2d8e3fdd3148\"><noscript class=\"wpforms-error-noscript\">Veuillez activer JavaScript dans votre navigateur pour remplir ce formulaire.<\/noscript><div class=\"wpforms-hidden\" id=\"wpforms-error-noscript\">Veuillez activer JavaScript dans votre navigateur pour remplir ce formulaire.<\/div><div class=\"wpforms-field-container\"><div id=\"wpforms-69-field_0-container\" class=\"wpforms-field wpforms-field-name\" data-field-id=\"0\"><fieldset><legend class=\"wpforms-field-label\">Name <span class=\"wpforms-required-label\" aria-hidden=\"true\">*<\/span><\/legend><div class=\"wpforms-field-row wpforms-field-medium\"><div class=\"wpforms-field-row-block wpforms-first wpforms-one-half\"><input type=\"text\" id=\"wpforms-69-field_0\" class=\"wpforms-field-name-first wpforms-field-required\" name=\"wpforms[fields][0][first]\" aria-errormessage=\"wpforms-69-field_0-error\" required><label for=\"wpforms-69-field_0\" class=\"wpforms-field-sublabel after \">Pr\u00e9nom<\/label><\/div><div class=\"wpforms-field-row-block wpforms-one-half\"><input type=\"text\" id=\"wpforms-69-field_0-last\" class=\"wpforms-field-name-last wpforms-field-required\" name=\"wpforms[fields][0][last]\" aria-errormessage=\"wpforms-69-field_0-last-error\" required><label for=\"wpforms-69-field_0-last\" class=\"wpforms-field-sublabel after \">Nom<\/label><\/div><\/div><\/fieldset><\/div><div id=\"wpforms-69-field_1-container\" class=\"wpforms-field wpforms-field-email\" data-field-id=\"1\"><label class=\"wpforms-field-label\" for=\"wpforms-69-field_1\">Email <span class=\"wpforms-required-label\" aria-hidden=\"true\">*<\/span><\/label><input type=\"email\" id=\"wpforms-69-field_1\" class=\"wpforms-field-medium wpforms-field-required\" name=\"wpforms[fields][1]\" spellcheck=\"false\" aria-errormessage=\"wpforms-69-field_1-error\" required><\/div><div id=\"wpforms-69-field_2-container\" class=\"wpforms-field wpforms-field-textarea\" data-field-id=\"2\"><label class=\"wpforms-field-label\" for=\"wpforms-69-field_2\">Comment or Message<\/label><textarea id=\"wpforms-69-field_2\" class=\"wpforms-field-medium\" name=\"wpforms[fields][2]\" aria-errormessage=\"wpforms-69-field_2-error\" ><\/textarea><\/div><\/div><!-- .wpforms-field-container --><div class=\"wpforms-submit-container\" ><input type=\"hidden\" name=\"wpforms[id]\" value=\"69\"><input type=\"hidden\" name=\"wpforms[author]\" value=\"1\"><button type=\"submit\" name=\"wpforms[submit]\" id=\"wpforms-submit-69\" class=\"wpforms-submit\" data-alt-text=\"Sending...\" data-submit-text=\"Submit\" aria-live=\"assertive\" value=\"wpforms-submit\">Submit<\/button><img src=\"https:\/\/angius-magnetiseur.net\/nouvelles\/wp-content\/plugins\/wpforms-lite\/assets\/images\/submit-spin.svg\" class=\"wpforms-submit-spinner\" style=\"display: none;\" width=\"26\" height=\"26\" alt=\"Chargement en cours\"><\/div><\/form><\/div>  <!-- .wpforms-container -->\n","protected":false},"excerpt":{"rendered":"<p>Nous vous remercions beaucoup de vos commentaires et esp\u00e9rons \u00eatre en contact avec vous. Si vous souhaitez nous contacter ou avez des commentaires sur notre site Web, nous vous invitons \u00e0 nous \u00e9crire \u00e0 l&rsquo;adresse e-mail indiqu\u00e9e ci-dessous. Veuillez utiliser un objet clair dans votre message afin que nous puissions identifier votre demande parmi le&#8230;<\/p>\n","protected":false},"author":1,"featured_media":0,"parent":0,"menu_order":0,"comment_status":"closed","ping_status":"closed","template":"","meta":{"footnotes":""},"yoast_head":"<!-- This site is optimized with the Yoast SEO plugin v21.3 - https:\/\/yoast.com\/wordpress\/plugins\/seo\/ -->\n<title>Contact<\/title>\n<meta name=\"robots\" content=\"index, follow, max-snippet:-1, max-image-preview:large, max-video-preview:-1\" \/>\n<link rel=\"canonical\" href=\"http:\/\/angius-magnetiseur.net\/nouvelles\/contact\/\" \/>\n<meta property=\"og:locale\" content=\"fr_FR\" \/>\n<meta property=\"og:type\" content=\"article\" \/>\n<meta property=\"og:title\" content=\"Contact\" \/>\n<meta property=\"og:description\" content=\"Nous vous remercions beaucoup de vos commentaires et esp\u00e9rons \u00eatre en contact avec vous. Si vous souhaitez nous contacter ou avez des commentaires sur notre site Web, nous vous invitons \u00e0 nous \u00e9crire \u00e0 l&rsquo;adresse e-mail indiqu\u00e9e ci-dessous. Veuillez utiliser un objet clair dans votre message afin que nous puissions identifier votre demande parmi le...\" \/>\n<meta property=\"og:url\" content=\"http:\/\/angius-magnetiseur.net\/nouvelles\/contact\/\" \/>\n<meta property=\"og:site_name\" content=\"Angius Magnetiseur Nouvelles\" \/>\n<meta property=\"article:modified_time\" content=\"2023-10-12T00:26:40+00:00\" \/>\n<meta name=\"twitter:card\" content=\"summary_large_image\" \/>\n<meta name=\"twitter:label1\" content=\"Dur\u00e9e de lecture estim\u00e9e\" \/>\n\t<meta name=\"twitter:data1\" content=\"2 minutes\" \/>\n<script type=\"application\/ld+json\" class=\"yoast-schema-graph\">{\"@context\":\"https:\/\/schema.org\",\"@graph\":[{\"@type\":\"WebPage\",\"@id\":\"http:\/\/angius-magnetiseur.net\/nouvelles\/contact\/\",\"url\":\"http:\/\/angius-magnetiseur.net\/nouvelles\/contact\/\",\"name\":\"Contact\",\"isPartOf\":{\"@id\":\"https:\/\/angius-magnetiseur.net\/nouvelles\/#website\"},\"datePublished\":\"2023-10-11T00:25:56+00:00\",\"dateModified\":\"2023-10-12T00:26:40+00:00\",\"breadcrumb\":{\"@id\":\"http:\/\/angius-magnetiseur.net\/nouvelles\/contact\/#breadcrumb\"},\"inLanguage\":\"fr-FR\",\"potentialAction\":[{\"@type\":\"ReadAction\",\"target\":[\"http:\/\/angius-magnetiseur.net\/nouvelles\/contact\/\"]}]},{\"@type\":\"BreadcrumbList\",\"@id\":\"http:\/\/angius-magnetiseur.net\/nouvelles\/contact\/#breadcrumb\",\"itemListElement\":[{\"@type\":\"ListItem\",\"position\":1,\"name\":\"Home\",\"item\":\"https:\/\/angius-magnetiseur.net\/nouvelles\/\"},{\"@type\":\"ListItem\",\"position\":2,\"name\":\"Contact\"}]},{\"@type\":\"WebSite\",\"@id\":\"https:\/\/angius-magnetiseur.net\/nouvelles\/#website\",\"url\":\"https:\/\/angius-magnetiseur.net\/nouvelles\/\",\"name\":\"Angius Magnetiseur Nouvelles\",\"description\":\"\",\"potentialAction\":[{\"@type\":\"SearchAction\",\"target\":{\"@type\":\"EntryPoint\",\"urlTemplate\":\"https:\/\/angius-magnetiseur.net\/nouvelles\/?s={search_term_string}\"},\"query-input\":\"required name=search_term_string\"}],\"inLanguage\":\"fr-FR\"}]}<\/script>\n<!-- \/ Yoast SEO plugin. -->","yoast_head_json":{"title":"Contact","robots":{"index":"index","follow":"follow","max-snippet":"max-snippet:-1","max-image-preview":"max-image-preview:large","max-video-preview":"max-video-preview:-1"},"canonical":"http:\/\/angius-magnetiseur.net\/nouvelles\/contact\/","og_locale":"fr_FR","og_type":"article","og_title":"Contact","og_description":"Nous vous remercions beaucoup de vos commentaires et esp\u00e9rons \u00eatre en contact avec vous. Si vous souhaitez nous contacter ou avez des commentaires sur notre site Web, nous vous invitons \u00e0 nous \u00e9crire \u00e0 l&rsquo;adresse e-mail indiqu\u00e9e ci-dessous. Veuillez utiliser un objet clair dans votre message afin que nous puissions identifier votre demande parmi le...","og_url":"http:\/\/angius-magnetiseur.net\/nouvelles\/contact\/","og_site_name":"Angius Magnetiseur Nouvelles","article_modified_time":"2023-10-12T00:26:40+00:00","twitter_card":"summary_large_image","twitter_misc":{"Dur\u00e9e de lecture estim\u00e9e":"2 minutes"},"schema":{"@context":"https:\/\/schema.org","@graph":[{"@type":"WebPage","@id":"http:\/\/angius-magnetiseur.net\/nouvelles\/contact\/","url":"http:\/\/angius-magnetiseur.net\/nouvelles\/contact\/","name":"Contact","isPartOf":{"@id":"https:\/\/angius-magnetiseur.net\/nouvelles\/#website"},"datePublished":"2023-10-11T00:25:56+00:00","dateModified":"2023-10-12T00:26:40+00:00","breadcrumb":{"@id":"http:\/\/angius-magnetiseur.net\/nouvelles\/contact\/#breadcrumb"},"inLanguage":"fr-FR","potentialAction":[{"@type":"ReadAction","target":["http:\/\/angius-magnetiseur.net\/nouvelles\/contact\/"]}]},{"@type":"BreadcrumbList","@id":"http:\/\/angius-magnetiseur.net\/nouvelles\/contact\/#breadcrumb","itemListElement":[{"@type":"ListItem","position":1,"name":"Home","item":"https:\/\/angius-magnetiseur.net\/nouvelles\/"},{"@type":"ListItem","position":2,"name":"Contact"}]},{"@type":"WebSite","@id":"https:\/\/angius-magnetiseur.net\/nouvelles\/#website","url":"https:\/\/angius-magnetiseur.net\/nouvelles\/","name":"Angius Magnetiseur Nouvelles","description":"","potentialAction":[{"@type":"SearchAction","target":{"@type":"EntryPoint","urlTemplate":"https:\/\/angius-magnetiseur.net\/nouvelles\/?s={search_term_string}"},"query-input":"required name=search_term_string"}],"inLanguage":"fr-FR"}]}},"_links":{"self":[{"href":"https:\/\/angius-magnetiseur.net\/nouvelles\/wp-json\/wp\/v2\/pages\/68"}],"collection":[{"href":"https:\/\/angius-magnetiseur.net\/nouvelles\/wp-json\/wp\/v2\/pages"}],"about":[{"href":"https:\/\/angius-magnetiseur.net\/nouvelles\/wp-json\/wp\/v2\/types\/page"}],"author":[{"embeddable":true,"href":"https:\/\/angius-magnetiseur.net\/nouvelles\/wp-json\/wp\/v2\/users\/1"}],"replies":[{"embeddable":true,"href":"https:\/\/angius-magnetiseur.net\/nouvelles\/wp-json\/wp\/v2\/comments?post=68"}],"version-history":[{"count":1,"href":"https:\/\/angius-magnetiseur.net\/nouvelles\/wp-json\/wp\/v2\/pages\/68\/revisions"}],"predecessor-version":[{"id":71,"href":"https:\/\/angius-magnetiseur.net\/nouvelles\/wp-json\/wp\/v2\/pages\/68\/revisions\/71"}],"wp:attachment":[{"href":"https:\/\/angius-magnetiseur.net\/nouvelles\/wp-json\/wp\/v2\/media?parent=68"}],"curies":[{"name":"wp","href":"https:\/\/api.w.org\/{rel}","templated":true}]}}